{"id":771,"date":"2026-04-01T18:24:25","date_gmt":"2026-04-01T16:24:25","guid":{"rendered":"https:\/\/lcd-awards.com\/index.php\/le-concours\/"},"modified":"2026-04-01T22:38:01","modified_gmt":"2026-04-01T20:38:01","slug":"le-concours","status":"publish","type":"page","link":"https:\/\/lcd-awards.com\/index.php\/le-concours\/","title":{"rendered":"Le Concours"},"content":{"rendered":"\n\n\n\n\n\n\n\n\n\n\n\n\n\n\n\n\n\n","protected":false},"excerpt":{"rendered":"","protected":false},"author":1,"featured_media":0,"parent":0,"menu_order":0,"comment_status":"closed","ping_status":"closed","template":"full-width","meta":{"saved_in_kubio":true,"footnotes":""},"class_list":["post-771","page","type-page","status-publish","hentry"],"kubio_ai_page_context":{"short_desc":"fonctionnement du concours avec un encart je d\u00e9pose mes biens \/ Un encart cat\u00e9gories (avec CTA pour voir le d\u00e9tail des cat\u00e9gories sur la page d\u00e9di\u00e9e) un encart \/ S\u00e9lection des biens \/ Un encart Jury","purpose":"general"},"yoast_head":"<!-- This site is optimized with the Yoast SEO plugin v25.6 - https:\/\/yoast.com\/wordpress\/plugins\/seo\/ -->\n<title>Le Concours - LCD-AWARDS<\/title>\n<meta name=\"description\" content=\"Les LCD Awards r\u00e9compensent les meilleurs biens g\u00e9r\u00e9s par les professionnels. Comment, pourquoi et o\u00f9 candidater, nous vous expliquons tout\" \/>\n<meta name=\"robots\" content=\"index, follow, max-snippet:-1, max-image-preview:large, max-video-preview:-1\" \/>\n<link rel=\"canonical\" href=\"https:\/\/lcd-awards.com\/index.php\/le-concours\/\" \/>\n<meta property=\"og:locale\" content=\"fr_FR\" \/>\n<meta property=\"og:type\" content=\"article\" \/>\n<meta property=\"og:title\" content=\"Le Concours - LCD-AWARDS\" \/>\n<meta property=\"og:description\" content=\"Les LCD Awards r\u00e9compensent les meilleurs biens g\u00e9r\u00e9s par les professionnels. Comment, pourquoi et o\u00f9 candidater, nous vous expliquons tout\" \/>\n<meta property=\"og:url\" content=\"https:\/\/lcd-awards.com\/index.php\/le-concours\/\" \/>\n<meta property=\"og:site_name\" content=\"LCD-AWARDS\" \/>\n<meta property=\"article:modified_time\" content=\"2026-04-01T20:38:01+00:00\" \/>\n<meta name=\"twitter:card\" content=\"summary_large_image\" \/>\n<script type=\"application\/ld+json\" class=\"yoast-schema-graph\">{\"@context\":\"https:\/\/schema.org\",\"@graph\":[{\"@type\":\"WebPage\",\"@id\":\"https:\/\/lcd-awards.com\/index.php\/le-concours\/\",\"url\":\"https:\/\/lcd-awards.com\/index.php\/le-concours\/\",\"name\":\"Le Concours - LCD-AWARDS\",\"isPartOf\":{\"@id\":\"https:\/\/lcd-awards.com\/#website\"},\"datePublished\":\"2026-04-01T16:24:25+00:00\",\"dateModified\":\"2026-04-01T20:38:01+00:00\",\"description\":\"Les LCD Awards r\u00e9compensent les meilleurs biens g\u00e9r\u00e9s par les professionnels. Comment, pourquoi et o\u00f9 candidater, nous vous expliquons tout\",\"breadcrumb\":{\"@id\":\"https:\/\/lcd-awards.com\/index.php\/le-concours\/#breadcrumb\"},\"inLanguage\":\"fr-FR\",\"potentialAction\":[{\"@type\":\"ReadAction\",\"target\":[\"https:\/\/lcd-awards.com\/index.php\/le-concours\/\"]}]},{\"@type\":\"BreadcrumbList\",\"@id\":\"https:\/\/lcd-awards.com\/index.php\/le-concours\/#breadcrumb\",\"itemListElement\":[{\"@type\":\"ListItem\",\"position\":1,\"name\":\"Accueil\",\"item\":\"https:\/\/lcd-awards.com\/\"},{\"@type\":\"ListItem\",\"position\":2,\"name\":\"Le Concours\"}]},{\"@type\":\"WebSite\",\"@id\":\"https:\/\/lcd-awards.com\/#website\",\"url\":\"https:\/\/lcd-awards.com\/\",\"name\":\"LCD-AWARDS\",\"description\":\"Troph\u00e9es de la Location Courte Dur\u00e9e\",\"publisher\":{\"@id\":\"https:\/\/lcd-awards.com\/#organization\"},\"potentialAction\":[{\"@type\":\"SearchAction\",\"target\":{\"@type\":\"EntryPoint\",\"urlTemplate\":\"https:\/\/lcd-awards.com\/?s={search_term_string}\"},\"query-input\":{\"@type\":\"PropertyValueSpecification\",\"valueRequired\":true,\"valueName\":\"search_term_string\"}}],\"inLanguage\":\"fr-FR\"},{\"@type\":\"Organization\",\"@id\":\"https:\/\/lcd-awards.com\/#organization\",\"name\":\"LCD-AWARDS\",\"url\":\"https:\/\/lcd-awards.com\/\",\"logo\":{\"@type\":\"ImageObject\",\"inLanguage\":\"fr-FR\",\"@id\":\"https:\/\/lcd-awards.com\/#\/schema\/logo\/image\/\",\"url\":\"https:\/\/lcd-awards.com\/wp-content\/uploads\/2026\/04\/LCD-Logo-Or-Fond-Transparent-2.png\",\"contentUrl\":\"https:\/\/lcd-awards.com\/wp-content\/uploads\/2026\/04\/LCD-Logo-Or-Fond-Transparent-2.png\",\"width\":500,\"height\":500,\"caption\":\"LCD-AWARDS\"},\"image\":{\"@id\":\"https:\/\/lcd-awards.com\/#\/schema\/logo\/image\/\"}}]}<\/script>\n<!-- \/ Yoast SEO plugin. -->","yoast_head_json":{"title":"Le Concours - LCD-AWARDS","description":"Les LCD Awards r\u00e9compensent les meilleurs biens g\u00e9r\u00e9s par les professionnels. Comment, pourquoi et o\u00f9 candidater, nous vous expliquons tout","robots":{"index":"index","follow":"follow","max-snippet":"max-snippet:-1","max-image-preview":"max-image-preview:large","max-video-preview":"max-video-preview:-1"},"canonical":"https:\/\/lcd-awards.com\/index.php\/le-concours\/","og_locale":"fr_FR","og_type":"article","og_title":"Le Concours - LCD-AWARDS","og_description":"Les LCD Awards r\u00e9compensent les meilleurs biens g\u00e9r\u00e9s par les professionnels. Comment, pourquoi et o\u00f9 candidater, nous vous expliquons tout","og_url":"https:\/\/lcd-awards.com\/index.php\/le-concours\/","og_site_name":"LCD-AWARDS","article_modified_time":"2026-04-01T20:38:01+00:00","twitter_card":"summary_large_image","schema":{"@context":"https:\/\/schema.org","@graph":[{"@type":"WebPage","@id":"https:\/\/lcd-awards.com\/index.php\/le-concours\/","url":"https:\/\/lcd-awards.com\/index.php\/le-concours\/","name":"Le Concours - LCD-AWARDS","isPartOf":{"@id":"https:\/\/lcd-awards.com\/#website"},"datePublished":"2026-04-01T16:24:25+00:00","dateModified":"2026-04-01T20:38:01+00:00","description":"Les LCD Awards r\u00e9compensent les meilleurs biens g\u00e9r\u00e9s par les professionnels. Comment, pourquoi et o\u00f9 candidater, nous vous expliquons tout","breadcrumb":{"@id":"https:\/\/lcd-awards.com\/index.php\/le-concours\/#breadcrumb"},"inLanguage":"fr-FR","potentialAction":[{"@type":"ReadAction","target":["https:\/\/lcd-awards.com\/index.php\/le-concours\/"]}]},{"@type":"BreadcrumbList","@id":"https:\/\/lcd-awards.com\/index.php\/le-concours\/#breadcrumb","itemListElement":[{"@type":"ListItem","position":1,"name":"Accueil","item":"https:\/\/lcd-awards.com\/"},{"@type":"ListItem","position":2,"name":"Le Concours"}]},{"@type":"WebSite","@id":"https:\/\/lcd-awards.com\/#website","url":"https:\/\/lcd-awards.com\/","name":"LCD-AWARDS","description":"Troph\u00e9es de la Location Courte Dur\u00e9e","publisher":{"@id":"https:\/\/lcd-awards.com\/#organization"},"potentialAction":[{"@type":"SearchAction","target":{"@type":"EntryPoint","urlTemplate":"https:\/\/lcd-awards.com\/?s={search_term_string}"},"query-input":{"@type":"PropertyValueSpecification","valueRequired":true,"valueName":"search_term_string"}}],"inLanguage":"fr-FR"},{"@type":"Organization","@id":"https:\/\/lcd-awards.com\/#organization","name":"LCD-AWARDS","url":"https:\/\/lcd-awards.com\/","logo":{"@type":"ImageObject","inLanguage":"fr-FR","@id":"https:\/\/lcd-awards.com\/#\/schema\/logo\/image\/","url":"https:\/\/lcd-awards.com\/wp-content\/uploads\/2026\/04\/LCD-Logo-Or-Fond-Transparent-2.png","contentUrl":"https:\/\/lcd-awards.com\/wp-content\/uploads\/2026\/04\/LCD-Logo-Or-Fond-Transparent-2.png","width":500,"height":500,"caption":"LCD-AWARDS"},"image":{"@id":"https:\/\/lcd-awards.com\/#\/schema\/logo\/image\/"}}]}},"_links":{"self":[{"href":"https:\/\/lcd-awards.com\/index.php\/wp-json\/wp\/v2\/pages\/771","targetHints":{"allow":["GET"]}}],"collection":[{"href":"https:\/\/lcd-awards.com\/index.php\/wp-json\/wp\/v2\/pages"}],"about":[{"href":"https:\/\/lcd-awards.com\/index.php\/wp-json\/wp\/v2\/types\/page"}],"author":[{"embeddable":true,"href":"https:\/\/lcd-awards.com\/index.php\/wp-json\/wp\/v2\/users\/1"}],"replies":[{"embeddable":true,"href":"https:\/\/lcd-awards.com\/index.php\/wp-json\/wp\/v2\/comments?post=771"}],"version-history":[{"count":2,"href":"https:\/\/lcd-awards.com\/index.php\/wp-json\/wp\/v2\/pages\/771\/revisions"}],"predecessor-version":[{"id":783,"href":"https:\/\/lcd-awards.com\/index.php\/wp-json\/wp\/v2\/pages\/771\/revisions\/783"}],"wp:attachment":[{"href":"https:\/\/lcd-awards.com\/index.php\/wp-json\/wp\/v2\/media?parent=771"}],"curies":[{"name":"wp","href":"https:\/\/api.w.org\/{rel}","templated":true}]}}