{"id":171,"date":"2024-06-20T18:51:03","date_gmt":"2024-06-20T16:51:03","guid":{"rendered":"https:\/\/lcd-awards.com\/index.php\/categories-et-criteres\/"},"modified":"2026-04-01T18:20:32","modified_gmt":"2026-04-01T16:20:32","slug":"categories-et-criteres","status":"publish","type":"page","link":"https:\/\/lcd-awards.com\/index.php\/categories-et-criteres\/","title":{"rendered":"Cat\u00e9gories et Crit\u00e8res"},"content":{"rendered":"","protected":false},"excerpt":{"rendered":"","protected":false},"author":1,"featured_media":0,"parent":0,"menu_order":0,"comment_status":"closed","ping_status":"closed","template":"full-width","meta":{"saved_in_kubio":true,"footnotes":""},"class_list":["post-171","page","type-page","status-publish","hentry"],"kubio_ai_page_context":{"short_desc":"Cette page est d\u00e9di\u00e9 \u00e0 la pr\u00e9sentation des 12 cat\u00e9gories parmi lesquels nos candidats peuvent concourir","purpose":"general"},"yoast_head":"<!-- This site is optimized with the Yoast SEO plugin v25.6 - https:\/\/yoast.com\/wordpress\/plugins\/seo\/ -->\n<title>Cat\u00e9gories et Crit\u00e8res - LCD-AWARDS<\/title>\n<meta name=\"robots\" content=\"index, follow, max-snippet:-1, max-image-preview:large, max-video-preview:-1\" \/>\n<link rel=\"canonical\" href=\"https:\/\/lcd-awards.com\/index.php\/categories-et-criteres\/\" \/>\n<meta property=\"og:locale\" content=\"fr_FR\" \/>\n<meta property=\"og:type\" content=\"article\" \/>\n<meta property=\"og:title\" content=\"Cat\u00e9gories et Crit\u00e8res - LCD-AWARDS\" \/>\n<meta property=\"og:url\" content=\"https:\/\/lcd-awards.com\/index.php\/categories-et-criteres\/\" \/>\n<meta property=\"og:site_name\" content=\"LCD-AWARDS\" \/>\n<meta property=\"article:modified_time\" content=\"2026-04-01T16:20:32+00:00\" \/>\n<meta name=\"twitter:card\" content=\"summary_large_image\" \/>\n<meta name=\"twitter:label1\" content=\"Dur\u00e9e de lecture estim\u00e9e\" \/>\n\t<meta name=\"twitter:data1\" content=\"4 minutes\" \/>\n<script type=\"application\/ld+json\" class=\"yoast-schema-graph\">{\"@context\":\"https:\/\/schema.org\",\"@graph\":[{\"@type\":\"WebPage\",\"@id\":\"https:\/\/lcd-awards.com\/index.php\/categories-et-criteres\/\",\"url\":\"https:\/\/lcd-awards.com\/index.php\/categories-et-criteres\/\",\"name\":\"Cat\u00e9gories et Crit\u00e8res - LCD-AWARDS\",\"isPartOf\":{\"@id\":\"https:\/\/lcd-awards.com\/#website\"},\"datePublished\":\"2024-06-20T16:51:03+00:00\",\"dateModified\":\"2026-04-01T16:20:32+00:00\",\"breadcrumb\":{\"@id\":\"https:\/\/lcd-awards.com\/index.php\/categories-et-criteres\/#breadcrumb\"},\"inLanguage\":\"fr-FR\",\"potentialAction\":[{\"@type\":\"ReadAction\",\"target\":[\"https:\/\/lcd-awards.com\/index.php\/categories-et-criteres\/\"]}]},{\"@type\":\"BreadcrumbList\",\"@id\":\"https:\/\/lcd-awards.com\/index.php\/categories-et-criteres\/#breadcrumb\",\"itemListElement\":[{\"@type\":\"ListItem\",\"position\":1,\"name\":\"Accueil\",\"item\":\"https:\/\/lcd-awards.com\/\"},{\"@type\":\"ListItem\",\"position\":2,\"name\":\"Cat\u00e9gories et Crit\u00e8res\"}]},{\"@type\":\"WebSite\",\"@id\":\"https:\/\/lcd-awards.com\/#website\",\"url\":\"https:\/\/lcd-awards.com\/\",\"name\":\"LCD-AWARDS\",\"description\":\"Troph\u00e9es de la Location Courte Dur\u00e9e\",\"publisher\":{\"@id\":\"https:\/\/lcd-awards.com\/#organization\"},\"potentialAction\":[{\"@type\":\"SearchAction\",\"target\":{\"@type\":\"EntryPoint\",\"urlTemplate\":\"https:\/\/lcd-awards.com\/?s={search_term_string}\"},\"query-input\":{\"@type\":\"PropertyValueSpecification\",\"valueRequired\":true,\"valueName\":\"search_term_string\"}}],\"inLanguage\":\"fr-FR\"},{\"@type\":\"Organization\",\"@id\":\"https:\/\/lcd-awards.com\/#organization\",\"name\":\"LCD-AWARDS\",\"url\":\"https:\/\/lcd-awards.com\/\",\"logo\":{\"@type\":\"ImageObject\",\"inLanguage\":\"fr-FR\",\"@id\":\"https:\/\/lcd-awards.com\/#\/schema\/logo\/image\/\",\"url\":\"https:\/\/lcd-awards.com\/wp-content\/uploads\/2026\/04\/LCD-Logo-Or-Fond-Transparent-2.png\",\"contentUrl\":\"https:\/\/lcd-awards.com\/wp-content\/uploads\/2026\/04\/LCD-Logo-Or-Fond-Transparent-2.png\",\"width\":500,\"height\":500,\"caption\":\"LCD-AWARDS\"},\"image\":{\"@id\":\"https:\/\/lcd-awards.com\/#\/schema\/logo\/image\/\"}}]}<\/script>\n<!-- \/ Yoast SEO plugin. -->","yoast_head_json":{"title":"Cat\u00e9gories et Crit\u00e8res - LCD-AWARDS","robots":{"index":"index","follow":"follow","max-snippet":"max-snippet:-1","max-image-preview":"max-image-preview:large","max-video-preview":"max-video-preview:-1"},"canonical":"https:\/\/lcd-awards.com\/index.php\/categories-et-criteres\/","og_locale":"fr_FR","og_type":"article","og_title":"Cat\u00e9gories et Crit\u00e8res - LCD-AWARDS","og_url":"https:\/\/lcd-awards.com\/index.php\/categories-et-criteres\/","og_site_name":"LCD-AWARDS","article_modified_time":"2026-04-01T16:20:32+00:00","twitter_card":"summary_large_image","twitter_misc":{"Dur\u00e9e de lecture estim\u00e9e":"4 minutes"},"schema":{"@context":"https:\/\/schema.org","@graph":[{"@type":"WebPage","@id":"https:\/\/lcd-awards.com\/index.php\/categories-et-criteres\/","url":"https:\/\/lcd-awards.com\/index.php\/categories-et-criteres\/","name":"Cat\u00e9gories et Crit\u00e8res - LCD-AWARDS","isPartOf":{"@id":"https:\/\/lcd-awards.com\/#website"},"datePublished":"2024-06-20T16:51:03+00:00","dateModified":"2026-04-01T16:20:32+00:00","breadcrumb":{"@id":"https:\/\/lcd-awards.com\/index.php\/categories-et-criteres\/#breadcrumb"},"inLanguage":"fr-FR","potentialAction":[{"@type":"ReadAction","target":["https:\/\/lcd-awards.com\/index.php\/categories-et-criteres\/"]}]},{"@type":"BreadcrumbList","@id":"https:\/\/lcd-awards.com\/index.php\/categories-et-criteres\/#breadcrumb","itemListElement":[{"@type":"ListItem","position":1,"name":"Accueil","item":"https:\/\/lcd-awards.com\/"},{"@type":"ListItem","position":2,"name":"Cat\u00e9gories et Crit\u00e8res"}]},{"@type":"WebSite","@id":"https:\/\/lcd-awards.com\/#website","url":"https:\/\/lcd-awards.com\/","name":"LCD-AWARDS","description":"Troph\u00e9es de la Location Courte Dur\u00e9e","publisher":{"@id":"https:\/\/lcd-awards.com\/#organization"},"potentialAction":[{"@type":"SearchAction","target":{"@type":"EntryPoint","urlTemplate":"https:\/\/lcd-awards.com\/?s={search_term_string}"},"query-input":{"@type":"PropertyValueSpecification","valueRequired":true,"valueName":"search_term_string"}}],"inLanguage":"fr-FR"},{"@type":"Organization","@id":"https:\/\/lcd-awards.com\/#organization","name":"LCD-AWARDS","url":"https:\/\/lcd-awards.com\/","logo":{"@type":"ImageObject","inLanguage":"fr-FR","@id":"https:\/\/lcd-awards.com\/#\/schema\/logo\/image\/","url":"https:\/\/lcd-awards.com\/wp-content\/uploads\/2026\/04\/LCD-Logo-Or-Fond-Transparent-2.png","contentUrl":"https:\/\/lcd-awards.com\/wp-content\/uploads\/2026\/04\/LCD-Logo-Or-Fond-Transparent-2.png","width":500,"height":500,"caption":"LCD-AWARDS"},"image":{"@id":"https:\/\/lcd-awards.com\/#\/schema\/logo\/image\/"}}]}},"_links":{"self":[{"href":"https:\/\/lcd-awards.com\/index.php\/wp-json\/wp\/v2\/pages\/171","targetHints":{"allow":["GET"]}}],"collection":[{"href":"https:\/\/lcd-awards.com\/index.php\/wp-json\/wp\/v2\/pages"}],"about":[{"href":"https:\/\/lcd-awards.com\/index.php\/wp-json\/wp\/v2\/types\/page"}],"author":[{"embeddable":true,"href":"https:\/\/lcd-awards.com\/index.php\/wp-json\/wp\/v2\/users\/1"}],"replies":[{"embeddable":true,"href":"https:\/\/lcd-awards.com\/index.php\/wp-json\/wp\/v2\/comments?post=171"}],"version-history":[{"count":18,"href":"https:\/\/lcd-awards.com\/index.php\/wp-json\/wp\/v2\/pages\/171\/revisions"}],"predecessor-version":[{"id":770,"href":"https:\/\/lcd-awards.com\/index.php\/wp-json\/wp\/v2\/pages\/171\/revisions\/770"}],"wp:attachment":[{"href":"https:\/\/lcd-awards.com\/index.php\/wp-json\/wp\/v2\/media?parent=171"}],"curies":[{"name":"wp","href":"https:\/\/api.w.org\/{rel}","templated":true}]}}