{"id":150,"date":"2024-06-19T21:55:38","date_gmt":"2024-06-19T19:55:38","guid":{"rendered":"https:\/\/lcd-awards.com\/index.php\/a-propos\/"},"modified":"2026-04-01T22:34:51","modified_gmt":"2026-04-01T20:34:51","slug":"a-propos","status":"publish","type":"page","link":"https:\/\/lcd-awards.com\/index.php\/le-concours\/a-propos\/","title":{"rendered":"\u00c0 propos des LCD Awards"},"content":{"rendered":"\n<h2 class=\"wp-block-heading alignwide has-text-align-center\">En 2025 pour la premi\u00e8re fois en France, l&rsquo;industrie se r\u00e9unissait pour r\u00e9compenser les meilleures locations saisonni\u00e8res en France !<\/h2>\n\n\n\n<div class=\"wp-block-group alignwide\"><div class=\"wp-block-group__inner-container is-layout-flow wp-block-group-is-layout-flow\"><\/div><\/div>\n\n\n\n<div class=\"wp-block-columns alignwide is-layout-flex wp-container-core-columns-is-layout-28f84493 wp-block-columns-is-layout-flex\">\n<div class=\"wp-block-column is-layout-flow wp-block-column-is-layout-flow\">\n<div class=\"wp-block-group\"><div class=\"wp-block-group__inner-container is-layout-flow wp-block-group-is-layout-flow\">\n<figure class=\"wp-block-image alignfull size-full\"><img fetchpriority=\"high\" decoding=\"async\" width=\"2560\" height=\"1706\" src=\"http:\/\/lcd-awards.com\/wp-content\/uploads\/2024\/07\/full-shot-friends-taking-selfie-scaled.jpg\" alt=\"\" class=\"wp-image-286\" srcset=\"https:\/\/lcd-awards.com\/wp-content\/uploads\/2024\/07\/full-shot-friends-taking-selfie-scaled.jpg 2560w, https:\/\/lcd-awards.com\/wp-content\/uploads\/2024\/07\/full-shot-friends-taking-selfie-300x200.jpg 300w, https:\/\/lcd-awards.com\/wp-content\/uploads\/2024\/07\/full-shot-friends-taking-selfie-1024x683.jpg 1024w, https:\/\/lcd-awards.com\/wp-content\/uploads\/2024\/07\/full-shot-friends-taking-selfie-768x512.jpg 768w, https:\/\/lcd-awards.com\/wp-content\/uploads\/2024\/07\/full-shot-friends-taking-selfie-1536x1024.jpg 1536w, https:\/\/lcd-awards.com\/wp-content\/uploads\/2024\/07\/full-shot-friends-taking-selfie-2048x1365.jpg 2048w, https:\/\/lcd-awards.com\/wp-content\/uploads\/2024\/07\/full-shot-friends-taking-selfie-1620x1080.jpg 1620w\" sizes=\"(max-width: 2560px) 100vw, 2560px\" \/><\/figure>\n\n\n\n<h3 class=\"wp-block-heading\"><strong>Qu&rsquo;est ce que c&rsquo;est ?<\/strong><\/h3>\n\n\n\n<p>Il s&rsquo;agit des premiers troph\u00e9es r\u00e9compensant les meilleures locations saisonni\u00e8res et les professionels \/ property managers qui les g\u00e8rent en France (et ses territoires.)<\/p>\n\n\n\n<p id=\"eW8Jp62bk6TbB1Tk\">Gr\u00e2ce \u00e0 une l&rsquo;\u00e9valuation d&rsquo;un jury expert et au vote du public, les property managers recevront les tous premiers troph\u00e9es \/ Awards mettant ainsi en avant, la qualit\u00e9 des biens qu&rsquo;ils g\u00e8rent avec passion.<\/p>\n<\/div><\/div>\n\n\n\n<div class=\"wp-block-group\"><div class=\"wp-block-group__inner-container is-layout-flow wp-block-group-is-layout-flow\">\n<figure class=\"wp-block-image alignfull size-full\"><img decoding=\"async\" width=\"2560\" height=\"1707\" src=\"https:\/\/lcd-awards.com\/wp-content\/uploads\/2024\/06\/living-room-with-blue-sofa-painting-wall-scaled.jpg\" alt=\"\" class=\"wp-image-229\" srcset=\"https:\/\/lcd-awards.com\/wp-content\/uploads\/2024\/06\/living-room-with-blue-sofa-painting-wall-scaled.jpg 2560w, https:\/\/lcd-awards.com\/wp-content\/uploads\/2024\/06\/living-room-with-blue-sofa-painting-wall-300x200.jpg 300w, https:\/\/lcd-awards.com\/wp-content\/uploads\/2024\/06\/living-room-with-blue-sofa-painting-wall-1024x683.jpg 1024w, https:\/\/lcd-awards.com\/wp-content\/uploads\/2024\/06\/living-room-with-blue-sofa-painting-wall-768x512.jpg 768w, https:\/\/lcd-awards.com\/wp-content\/uploads\/2024\/06\/living-room-with-blue-sofa-painting-wall-1536x1024.jpg 1536w, https:\/\/lcd-awards.com\/wp-content\/uploads\/2024\/06\/living-room-with-blue-sofa-painting-wall-2048x1365.jpg 2048w, https:\/\/lcd-awards.com\/wp-content\/uploads\/2024\/06\/living-room-with-blue-sofa-painting-wall-1620x1080.jpg 1620w\" sizes=\"(max-width: 2560px) 100vw, 2560px\" \/><\/figure>\n\n\n\n<h3 class=\"wp-block-heading\"><strong>Pourquoi ?<\/strong> <strong>Qui Organise ? <\/strong><\/h3>\n\n\n\n<p>Des troph\u00e9es existent d\u00e9j\u00e0 pour certains secteurs autour du tourisme, mais <strong>AUCUN<\/strong> ne mettait en avant la location courte dur\u00e9e avant les LCD Awards. <br><strong><a href=\"https:\/\/mpm-consulting.fr\/\" target=\"_blank\" rel=\"noreferrer noopener\">MPM Consulting<\/a><\/strong> (Organisateur du <a href=\"https:\/\/france.scalerentals.show\/\"><strong>Scale France<\/strong><\/a>, En Direct, les Befores, l&rsquo;Exit Door etc) sous l&rsquo;impulsion de <a href=\"https:\/\/www.linkedin.com\/in\/mpistinier\/\">Marie Pistinier<\/a> et de <a href=\"https:\/\/www.linkedin.com\/in\/laura-gence-60350534\/\">Laura Gence<\/a>, organise pour la 2eme fois en France un \u00e9v\u00e9nement qui r\u00e9unit et c\u00e9l\u00e8bre les meilleures locations de vacances en France..<\/p>\n\n\n\n<figure class=\"wp-block-image alignfull size-full\"><img decoding=\"async\" width=\"2560\" height=\"1707\" src=\"https:\/\/lcd-awards.com\/wp-content\/uploads\/2024\/07\/pretty-woman-straw-hat-using-lap-top-while-traveling-asia-working-remotely-stylish-tropical-cafe-scaled.jpg\" alt=\"\" class=\"wp-image-287\" srcset=\"https:\/\/lcd-awards.com\/wp-content\/uploads\/2024\/07\/pretty-woman-straw-hat-using-lap-top-while-traveling-asia-working-remotely-stylish-tropical-cafe-scaled.jpg 2560w, https:\/\/lcd-awards.com\/wp-content\/uploads\/2024\/07\/pretty-woman-straw-hat-using-lap-top-while-traveling-asia-working-remotely-stylish-tropical-cafe-300x200.jpg 300w, https:\/\/lcd-awards.com\/wp-content\/uploads\/2024\/07\/pretty-woman-straw-hat-using-lap-top-while-traveling-asia-working-remotely-stylish-tropical-cafe-1024x683.jpg 1024w, https:\/\/lcd-awards.com\/wp-content\/uploads\/2024\/07\/pretty-woman-straw-hat-using-lap-top-while-traveling-asia-working-remotely-stylish-tropical-cafe-768x512.jpg 768w, https:\/\/lcd-awards.com\/wp-content\/uploads\/2024\/07\/pretty-woman-straw-hat-using-lap-top-while-traveling-asia-working-remotely-stylish-tropical-cafe-1536x1024.jpg 1536w, https:\/\/lcd-awards.com\/wp-content\/uploads\/2024\/07\/pretty-woman-straw-hat-using-lap-top-while-traveling-asia-working-remotely-stylish-tropical-cafe-2048x1365.jpg 2048w, https:\/\/lcd-awards.com\/wp-content\/uploads\/2024\/07\/pretty-woman-straw-hat-using-lap-top-while-traveling-asia-working-remotely-stylish-tropical-cafe-1620x1080.jpg 1620w\" sizes=\"(max-width: 2560px) 100vw, 2560px\" \/><\/figure>\n\n\n\n<h3 class=\"wp-block-heading\"><strong>S\u00e9lection des biens, comment \u00e7a marche ?<\/strong><\/h3>\n\n\n\n<p><\/p>\n\n\n\n<ul class=\"wp-block-list\">\n<li><strong>Les d\u00e9p\u00f4t des propositions s\u2019effectuera jusqu&rsquo;au 15 decembre 2026<\/strong><\/li>\n\n\n\n<li><strong>Le Jury \u00e9tudiera chaque candidature jusqu&rsquo;au 1er mars et s\u00e9lectionnera les finalistes de chaque cat\u00e9gorie. <\/strong><\/li>\n\n\n\n<li><strong>4 \u00e0 6 biens par cat\u00e9gories seront soumis au vote du public qui se d\u00e9roulera debut du 07 mars au 29 mars 2027<\/strong> (le poids du vote du public est de 25% afin de garantir de l&rsquo;\u00e9quilibre des votes).<\/li>\n\n\n\n<li><strong>Les Laur\u00e9ats de LCD Awards seront d\u00e9voil\u00e9s lors de la C\u00e9r\u00e9monie de remise de prix en mai 2027. <\/strong><\/li>\n<\/ul>\n<\/div><\/div>\n<\/div>\n\n\n\n<div class=\"wp-block-column is-layout-flow wp-block-column-is-layout-flow\">\n<div class=\"wp-block-group\"><div class=\"wp-block-group__inner-container is-layout-flow wp-block-group-is-layout-flow\">\n<figure class=\"wp-block-image alignfull size-full\"><img loading=\"lazy\" decoding=\"async\" width=\"2560\" height=\"1707\" src=\"https:\/\/lcd-awards.com\/wp-content\/uploads\/2024\/06\/woman-sitting-public-talking-scaled.jpg\" alt=\"\" class=\"wp-image-227\" srcset=\"https:\/\/lcd-awards.com\/wp-content\/uploads\/2024\/06\/woman-sitting-public-talking-scaled.jpg 2560w, https:\/\/lcd-awards.com\/wp-content\/uploads\/2024\/06\/woman-sitting-public-talking-300x200.jpg 300w, https:\/\/lcd-awards.com\/wp-content\/uploads\/2024\/06\/woman-sitting-public-talking-1024x683.jpg 1024w, https:\/\/lcd-awards.com\/wp-content\/uploads\/2024\/06\/woman-sitting-public-talking-768x512.jpg 768w, https:\/\/lcd-awards.com\/wp-content\/uploads\/2024\/06\/woman-sitting-public-talking-1536x1024.jpg 1536w, https:\/\/lcd-awards.com\/wp-content\/uploads\/2024\/06\/woman-sitting-public-talking-2048x1365.jpg 2048w, https:\/\/lcd-awards.com\/wp-content\/uploads\/2024\/06\/woman-sitting-public-talking-1620x1080.jpg 1620w\" sizes=\"(max-width: 2560px) 100vw, 2560px\" \/><\/figure>\n\n\n\n<h3 class=\"wp-block-heading\"><strong>Pour qui ?<\/strong><\/h3>\n\n\n\n<p>Tous les professionnels de la location courte dur\u00e9e qui g\u00e8rent des biens en France. Peu importe leur nombre de biens, leur localisation (en France) ou leur ann\u00e9e de cr\u00e9ation.<\/p>\n\n\n\n<p>Agences Immobili\u00e8res, Conciergeries, Loueurs \/ Sous-Loueurs professionnels, cette distinction r\u00e9compense votre travail et passion au quotidien pour faire de chaque voyage, une exp\u00e9rience inoubliable !<\/p>\n\n\n\n<figure class=\"wp-block-image alignfull size-full\"><img loading=\"lazy\" decoding=\"async\" width=\"1920\" height=\"1280\" src=\"http:\/\/lcd-awards.com\/wp-content\/uploads\/2024\/06\/pexels-photo-1675942-1.jpeg\" alt=\"\" class=\"wp-image-146\" srcset=\"https:\/\/lcd-awards.com\/wp-content\/uploads\/2024\/06\/pexels-photo-1675942-1.jpeg 1920w, https:\/\/lcd-awards.com\/wp-content\/uploads\/2024\/06\/pexels-photo-1675942-1-300x200.jpeg 300w, https:\/\/lcd-awards.com\/wp-content\/uploads\/2024\/06\/pexels-photo-1675942-1-1024x683.jpeg 1024w, https:\/\/lcd-awards.com\/wp-content\/uploads\/2024\/06\/pexels-photo-1675942-1-768x512.jpeg 768w, https:\/\/lcd-awards.com\/wp-content\/uploads\/2024\/06\/pexels-photo-1675942-1-1536x1024.jpeg 1536w, https:\/\/lcd-awards.com\/wp-content\/uploads\/2024\/06\/pexels-photo-1675942-1-1620x1080.jpeg 1620w\" sizes=\"(max-width: 1920px) 100vw, 1920px\" \/><\/figure>\n\n\n\n<h3 class=\"wp-block-heading\"><strong>Quand et o\u00f9 ?<\/strong><\/h3>\n\n\n\n<p>Un lieu d&rsquo;exception pour un \u00e9v\u00e9nement exceptionnel ! Le Mus\u00e9e des Arts Forains accueillera la deuxi\u00e8me Nuit de la Location Courte Dur\u00e9e lors de laquelle la c\u00e9r\u00e9monie se d\u00e9roulera, en Mai 2027. <\/p>\n\n\n\n<p>Vous pouvez d&rsquo;ors et d\u00e9j\u00e0 pr\u00e9-r\u00e9server vos pass et vous assurer d&rsquo;\u00eatre pr\u00e9sent pour la soir\u00e9e LCD la plus attendue de l&rsquo;industrie.<\/p>\n\n\n\n<figure class=\"wp-block-image alignfull size-full\"><img loading=\"lazy\" decoding=\"async\" width=\"2560\" height=\"1707\" src=\"https:\/\/lcd-awards.com\/wp-content\/uploads\/2024\/06\/female-business-executive-giving-speech-1-scaled.jpg\" alt=\"\" class=\"wp-image-232\" srcset=\"https:\/\/lcd-awards.com\/wp-content\/uploads\/2024\/06\/female-business-executive-giving-speech-1-scaled.jpg 2560w, https:\/\/lcd-awards.com\/wp-content\/uploads\/2024\/06\/female-business-executive-giving-speech-1-300x200.jpg 300w, https:\/\/lcd-awards.com\/wp-content\/uploads\/2024\/06\/female-business-executive-giving-speech-1-1024x683.jpg 1024w, https:\/\/lcd-awards.com\/wp-content\/uploads\/2024\/06\/female-business-executive-giving-speech-1-768x512.jpg 768w, https:\/\/lcd-awards.com\/wp-content\/uploads\/2024\/06\/female-business-executive-giving-speech-1-1536x1024.jpg 1536w, https:\/\/lcd-awards.com\/wp-content\/uploads\/2024\/06\/female-business-executive-giving-speech-1-2048x1365.jpg 2048w, https:\/\/lcd-awards.com\/wp-content\/uploads\/2024\/06\/female-business-executive-giving-speech-1-1620x1080.jpg 1620w\" sizes=\"(max-width: 2560px) 100vw, 2560px\" \/><\/figure>\n\n\n\n<h3 class=\"wp-block-heading\"><strong>Je souhaite d\u00e9poser ma candidature aux LCD Awards<\/strong><\/h3>\n\n\n\n<p><\/p>\n\n\n\n<p><strong>Vous \u00eates un professionnel de la LCD ? <\/strong>S\u00e9lectionnez la ou les cat\u00e9gories dans lesquelles vous souhaitez concourir et d\u00e9posez vos propositions directement en cliquant <a data-type=\"link\" data-id=\"https:\/\/lcd.awardsplatform.com\/\" href=\"https:\/\/lcd.awardsplatform.com\/\">ici<\/a>.<\/p>\n\n\n\n<p><strong>Vous souhaitez peaufiner votre candidature ?<\/strong>Aucun probl\u00e8me, vous pouvez d\u00e9buter vos propositions aujourd\u2019hui et prendre le temps de s\u00e9lectionner les meilleures photos, avis et descriptions avant le d\u00e9p\u00f4t final.<\/p>\n\n\n\n<p><strong>Vous souhaitez soumettre plusieurs biens ? <\/strong>Vous pouvez soumettre plusieurs biens dans <a href=\"https:\/\/lcd.awardsplatform.com\/\">plusieurs cat\u00e9gories.<\/a><\/p>\n<\/div><\/div>\n<\/div>\n<\/div>\n\n\n\n<p class=\"has-text-align-center\">Acc\u00e9dez au r\u00e8glement complet en <a href=\"https:\/\/lcd-awards.com\/index.php\/reglement-lcd-awards\/\">cliquant ici.<\/a><\/p>\n\n\n\n\n","protected":false},"excerpt":{"rendered":"<p>En 2025 pour la premi\u00e8re fois en France, l&rsquo;industrie se r\u00e9unissait pour r\u00e9compenser les meilleures locations saisonni\u00e8res en France ! Qu&rsquo;est ce que c&rsquo;est ? Il s&rsquo;agit des premiers troph\u00e9es r\u00e9compensant les meilleures locations saisonni\u00e8res et les professionels \/ property managers qui les g\u00e8rent en France (et ses territoires.) Gr\u00e2ce \u00e0 une l&rsquo;\u00e9valuation d&rsquo;un jury [&hellip;]<\/p>\n","protected":false},"author":1,"featured_media":0,"parent":771,"menu_order":0,"comment_status":"closed","ping_status":"closed","template":"","meta":{"saved_in_kubio":true,"footnotes":""},"class_list":["post-150","page","type-page","status-publish","hentry"],"kubio_ai_page_context":{"short_desc":"","purpose":"general"},"yoast_head":"<!-- This site is optimized with the Yoast SEO plugin v25.6 - https:\/\/yoast.com\/wordpress\/plugins\/seo\/ -->\n<title>\u00c0 propos des LCD Awards - LCD-AWARDS<\/title>\n<meta name=\"description\" content=\"Pour la premi\u00e8re fois en France, une disctinction nationale r\u00e9compense les professionnels de la Location Saisonni\u00e8re.\" \/>\n<meta name=\"robots\" content=\"index, follow, max-snippet:-1, max-image-preview:large, max-video-preview:-1\" \/>\n<link rel=\"canonical\" href=\"https:\/\/lcd-awards.com\/index.php\/le-concours\/a-propos\/\" \/>\n<meta property=\"og:locale\" content=\"fr_FR\" \/>\n<meta property=\"og:type\" content=\"article\" \/>\n<meta property=\"og:title\" content=\"\u00c0 propos des LCD Awards - LCD-AWARDS\" \/>\n<meta property=\"og:description\" content=\"Pour la premi\u00e8re fois en France, une disctinction nationale r\u00e9compense les professionnels de la Location Saisonni\u00e8re.\" \/>\n<meta property=\"og:url\" content=\"https:\/\/lcd-awards.com\/index.php\/le-concours\/a-propos\/\" \/>\n<meta property=\"og:site_name\" content=\"LCD-AWARDS\" \/>\n<meta property=\"article:modified_time\" content=\"2026-04-01T20:34:51+00:00\" \/>\n<meta property=\"og:image\" content=\"https:\/\/lcd-awards.com\/wp-content\/uploads\/2024\/07\/full-shot-friends-taking-selfie-scaled.jpg\" \/>\n\t<meta property=\"og:image:width\" content=\"2560\" \/>\n\t<meta property=\"og:image:height\" content=\"1706\" \/>\n\t<meta property=\"og:image:type\" content=\"image\/jpeg\" \/>\n<meta name=\"twitter:card\" content=\"summary_large_image\" \/>\n<script type=\"application\/ld+json\" class=\"yoast-schema-graph\">{\"@context\":\"https:\/\/schema.org\",\"@graph\":[{\"@type\":\"WebPage\",\"@id\":\"https:\/\/lcd-awards.com\/index.php\/le-concours\/a-propos\/\",\"url\":\"https:\/\/lcd-awards.com\/index.php\/le-concours\/a-propos\/\",\"name\":\"\u00c0 propos des LCD Awards - LCD-AWARDS\",\"isPartOf\":{\"@id\":\"https:\/\/lcd-awards.com\/#website\"},\"primaryImageOfPage\":{\"@id\":\"https:\/\/lcd-awards.com\/index.php\/le-concours\/a-propos\/#primaryimage\"},\"image\":{\"@id\":\"https:\/\/lcd-awards.com\/index.php\/le-concours\/a-propos\/#primaryimage\"},\"thumbnailUrl\":\"http:\/\/lcd-awards.com\/wp-content\/uploads\/2024\/07\/full-shot-friends-taking-selfie-scaled.jpg\",\"datePublished\":\"2024-06-19T19:55:38+00:00\",\"dateModified\":\"2026-04-01T20:34:51+00:00\",\"description\":\"Pour la premi\u00e8re fois en France, une disctinction nationale r\u00e9compense les professionnels de la Location Saisonni\u00e8re.\",\"breadcrumb\":{\"@id\":\"https:\/\/lcd-awards.com\/index.php\/le-concours\/a-propos\/#breadcrumb\"},\"inLanguage\":\"fr-FR\",\"potentialAction\":[{\"@type\":\"ReadAction\",\"target\":[\"https:\/\/lcd-awards.com\/index.php\/le-concours\/a-propos\/\"]}]},{\"@type\":\"ImageObject\",\"inLanguage\":\"fr-FR\",\"@id\":\"https:\/\/lcd-awards.com\/index.php\/le-concours\/a-propos\/#primaryimage\",\"url\":\"https:\/\/lcd-awards.com\/wp-content\/uploads\/2024\/07\/full-shot-friends-taking-selfie-scaled.jpg\",\"contentUrl\":\"https:\/\/lcd-awards.com\/wp-content\/uploads\/2024\/07\/full-shot-friends-taking-selfie-scaled.jpg\",\"width\":2560,\"height\":1706},{\"@type\":\"BreadcrumbList\",\"@id\":\"https:\/\/lcd-awards.com\/index.php\/le-concours\/a-propos\/#breadcrumb\",\"itemListElement\":[{\"@type\":\"ListItem\",\"position\":1,\"name\":\"Accueil\",\"item\":\"https:\/\/lcd-awards.com\/\"},{\"@type\":\"ListItem\",\"position\":2,\"name\":\"Le Concours\",\"item\":\"https:\/\/lcd-awards.com\/index.php\/le-concours\/\"},{\"@type\":\"ListItem\",\"position\":3,\"name\":\"\u00c0 propos des LCD Awards\"}]},{\"@type\":\"WebSite\",\"@id\":\"https:\/\/lcd-awards.com\/#website\",\"url\":\"https:\/\/lcd-awards.com\/\",\"name\":\"LCD-AWARDS\",\"description\":\"Troph\u00e9es de la Location Courte Dur\u00e9e\",\"publisher\":{\"@id\":\"https:\/\/lcd-awards.com\/#organization\"},\"potentialAction\":[{\"@type\":\"SearchAction\",\"target\":{\"@type\":\"EntryPoint\",\"urlTemplate\":\"https:\/\/lcd-awards.com\/?s={search_term_string}\"},\"query-input\":{\"@type\":\"PropertyValueSpecification\",\"valueRequired\":true,\"valueName\":\"search_term_string\"}}],\"inLanguage\":\"fr-FR\"},{\"@type\":\"Organization\",\"@id\":\"https:\/\/lcd-awards.com\/#organization\",\"name\":\"LCD-AWARDS\",\"url\":\"https:\/\/lcd-awards.com\/\",\"logo\":{\"@type\":\"ImageObject\",\"inLanguage\":\"fr-FR\",\"@id\":\"https:\/\/lcd-awards.com\/#\/schema\/logo\/image\/\",\"url\":\"https:\/\/lcd-awards.com\/wp-content\/uploads\/2026\/04\/LCD-Logo-Or-Fond-Transparent-2.png\",\"contentUrl\":\"https:\/\/lcd-awards.com\/wp-content\/uploads\/2026\/04\/LCD-Logo-Or-Fond-Transparent-2.png\",\"width\":500,\"height\":500,\"caption\":\"LCD-AWARDS\"},\"image\":{\"@id\":\"https:\/\/lcd-awards.com\/#\/schema\/logo\/image\/\"}}]}<\/script>\n<!-- \/ Yoast SEO plugin. -->","yoast_head_json":{"title":"\u00c0 propos des LCD Awards - LCD-AWARDS","description":"Pour la premi\u00e8re fois en France, une disctinction nationale r\u00e9compense les professionnels de la Location Saisonni\u00e8re.","robots":{"index":"index","follow":"follow","max-snippet":"max-snippet:-1","max-image-preview":"max-image-preview:large","max-video-preview":"max-video-preview:-1"},"canonical":"https:\/\/lcd-awards.com\/index.php\/le-concours\/a-propos\/","og_locale":"fr_FR","og_type":"article","og_title":"\u00c0 propos des LCD Awards - LCD-AWARDS","og_description":"Pour la premi\u00e8re fois en France, une disctinction nationale r\u00e9compense les professionnels de la Location Saisonni\u00e8re.","og_url":"https:\/\/lcd-awards.com\/index.php\/le-concours\/a-propos\/","og_site_name":"LCD-AWARDS","article_modified_time":"2026-04-01T20:34:51+00:00","og_image":[{"width":2560,"height":1706,"url":"https:\/\/lcd-awards.com\/wp-content\/uploads\/2024\/07\/full-shot-friends-taking-selfie-scaled.jpg","type":"image\/jpeg"}],"twitter_card":"summary_large_image","schema":{"@context":"https:\/\/schema.org","@graph":[{"@type":"WebPage","@id":"https:\/\/lcd-awards.com\/index.php\/le-concours\/a-propos\/","url":"https:\/\/lcd-awards.com\/index.php\/le-concours\/a-propos\/","name":"\u00c0 propos des LCD Awards - LCD-AWARDS","isPartOf":{"@id":"https:\/\/lcd-awards.com\/#website"},"primaryImageOfPage":{"@id":"https:\/\/lcd-awards.com\/index.php\/le-concours\/a-propos\/#primaryimage"},"image":{"@id":"https:\/\/lcd-awards.com\/index.php\/le-concours\/a-propos\/#primaryimage"},"thumbnailUrl":"http:\/\/lcd-awards.com\/wp-content\/uploads\/2024\/07\/full-shot-friends-taking-selfie-scaled.jpg","datePublished":"2024-06-19T19:55:38+00:00","dateModified":"2026-04-01T20:34:51+00:00","description":"Pour la premi\u00e8re fois en France, une disctinction nationale r\u00e9compense les professionnels de la Location Saisonni\u00e8re.","breadcrumb":{"@id":"https:\/\/lcd-awards.com\/index.php\/le-concours\/a-propos\/#breadcrumb"},"inLanguage":"fr-FR","potentialAction":[{"@type":"ReadAction","target":["https:\/\/lcd-awards.com\/index.php\/le-concours\/a-propos\/"]}]},{"@type":"ImageObject","inLanguage":"fr-FR","@id":"https:\/\/lcd-awards.com\/index.php\/le-concours\/a-propos\/#primaryimage","url":"https:\/\/lcd-awards.com\/wp-content\/uploads\/2024\/07\/full-shot-friends-taking-selfie-scaled.jpg","contentUrl":"https:\/\/lcd-awards.com\/wp-content\/uploads\/2024\/07\/full-shot-friends-taking-selfie-scaled.jpg","width":2560,"height":1706},{"@type":"BreadcrumbList","@id":"https:\/\/lcd-awards.com\/index.php\/le-concours\/a-propos\/#breadcrumb","itemListElement":[{"@type":"ListItem","position":1,"name":"Accueil","item":"https:\/\/lcd-awards.com\/"},{"@type":"ListItem","position":2,"name":"Le Concours","item":"https:\/\/lcd-awards.com\/index.php\/le-concours\/"},{"@type":"ListItem","position":3,"name":"\u00c0 propos des LCD Awards"}]},{"@type":"WebSite","@id":"https:\/\/lcd-awards.com\/#website","url":"https:\/\/lcd-awards.com\/","name":"LCD-AWARDS","description":"Troph\u00e9es de la Location Courte Dur\u00e9e","publisher":{"@id":"https:\/\/lcd-awards.com\/#organization"},"potentialAction":[{"@type":"SearchAction","target":{"@type":"EntryPoint","urlTemplate":"https:\/\/lcd-awards.com\/?s={search_term_string}"},"query-input":{"@type":"PropertyValueSpecification","valueRequired":true,"valueName":"search_term_string"}}],"inLanguage":"fr-FR"},{"@type":"Organization","@id":"https:\/\/lcd-awards.com\/#organization","name":"LCD-AWARDS","url":"https:\/\/lcd-awards.com\/","logo":{"@type":"ImageObject","inLanguage":"fr-FR","@id":"https:\/\/lcd-awards.com\/#\/schema\/logo\/image\/","url":"https:\/\/lcd-awards.com\/wp-content\/uploads\/2026\/04\/LCD-Logo-Or-Fond-Transparent-2.png","contentUrl":"https:\/\/lcd-awards.com\/wp-content\/uploads\/2026\/04\/LCD-Logo-Or-Fond-Transparent-2.png","width":500,"height":500,"caption":"LCD-AWARDS"},"image":{"@id":"https:\/\/lcd-awards.com\/#\/schema\/logo\/image\/"}}]}},"_links":{"self":[{"href":"https:\/\/lcd-awards.com\/index.php\/wp-json\/wp\/v2\/pages\/150","targetHints":{"allow":["GET"]}}],"collection":[{"href":"https:\/\/lcd-awards.com\/index.php\/wp-json\/wp\/v2\/pages"}],"about":[{"href":"https:\/\/lcd-awards.com\/index.php\/wp-json\/wp\/v2\/types\/page"}],"author":[{"embeddable":true,"href":"https:\/\/lcd-awards.com\/index.php\/wp-json\/wp\/v2\/users\/1"}],"replies":[{"embeddable":true,"href":"https:\/\/lcd-awards.com\/index.php\/wp-json\/wp\/v2\/comments?post=150"}],"version-history":[{"count":24,"href":"https:\/\/lcd-awards.com\/index.php\/wp-json\/wp\/v2\/pages\/150\/revisions"}],"predecessor-version":[{"id":791,"href":"https:\/\/lcd-awards.com\/index.php\/wp-json\/wp\/v2\/pages\/150\/revisions\/791"}],"up":[{"embeddable":true,"href":"https:\/\/lcd-awards.com\/index.php\/wp-json\/wp\/v2\/pages\/771"}],"wp:attachment":[{"href":"https:\/\/lcd-awards.com\/index.php\/wp-json\/wp\/v2\/media?parent=150"}],"curies":[{"name":"wp","href":"https:\/\/api.w.org\/{rel}","templated":true}]}}